{"id":17,"date":"2007-10-03T19:20:34","date_gmt":"2007-10-03T17:20:34","guid":{"rendered":"http:\/\/bildinkomster.se\/index.php\/kom-igang\/"},"modified":"2024-05-01T12:39:29","modified_gmt":"2024-05-01T11:39:29","slug":"kom-igang","status":"publish","type":"page","link":"https:\/\/bildinkomster.se\/?page_id=17","title":{"rendered":"Kom ig\u00e5ng"},"content":{"rendered":"<p><em><strong><img loading=\"lazy\" decoding=\"async\" src=\"http:\/\/bildinkomster.se\/Bilder\/Piltrad_sned.jpg\" align=\"left\" height=\"336\" width=\"240\" \/>Det finns m\u00e5nga s\u00e4tt att tj\u00e4na pengar p\u00e5 sina bilder men det som den h\u00e4r sajten handlar om \u00e4r s\u00e5 kallade &#8221;micro stock agencies&#8221;. Det \u00e4r bildagenturer som s\u00e4ljer bilder v\u00e4ldigt billigt, ofta s\u00e5 billigt som en dollar per bild. Det du kan tj\u00e4na pengar p\u00e5 \u00e4r att f\u00f6rse dessa agenturer med foton, illustrationer, video och flashfilmer m.m.<\/strong><\/em><\/p>\n<p>Ditt jobb \u00e4r allts\u00e5 att ta en bra bild, skicka in den till agenturen, fylla i passande s\u00f6kord f\u00f6r bilden och l\u00e4gga den i en passande kategori. Blir din bild godk\u00e4nd l\u00e4ggs den genast ut till f\u00f6rs\u00e4ljning. Om n\u00e5gon hittar den och vill k\u00f6pa den s\u00e5 f\u00e5r du en viss procent av f\u00f6rs\u00e4ljningspriset. Dessa pengar s\u00e4tts sedan automatiskt in p\u00e5 ditt konto hos agenturen. N\u00e4r du f\u00e5tt ihop tillr\u00e4ckligt med pengar kan du beg\u00e4ra att f\u00e5 dem utbetalda. Detta sker oftast via check, PayPal eller Moneybookers.<\/p>\n<p>Du f\u00e5r oftast inte s\u00e5 mycket betalt per s\u00e5ld bild men det smarta \u00e4r att du kan skicka in samma bilder till alla agenturer. Det betyder allts\u00e5 att du kan f\u00e5 in pengar p\u00e5 m\u00e5nga olika st\u00e4llen eftersom det finns m\u00e5nga olika agenturer att arbeta med. En annan smart sak \u00e4r att n\u00e4r du v\u00e4l laddat upp en bild kan du tj\u00e4na p\u00e5 den i \u00e5ratal efter det &#8211; en utm\u00e4rkt passiv inkomst allts\u00e5!<\/p>\n<p>Kan alla verkligen tj\u00e4na pengar p\u00e5 detta? Jag ska inte ljuga och s\u00e4ga att alla som \u00e4ger en kamera automatiskt kan tj\u00e4na pengar p\u00e5 sina bilder. Dina bilder m\u00e5ste vara anv\u00e4ndbara och av god kvalitet. Men skulle det vara s\u00e5 att du \u00e4r en usel fotograf men verkligen gillar att fotografera s\u00e5 kan du alltid l\u00e4ra dig att bli b\u00e4ttre och s\u00e5 sm\u00e5ningom b\u00f6rja skicka in dina bilder till olika agenturer. Detsamma g\u00e4ller om du ritar eller videofilmar osv. &#8211; du kan alltid \u00f6va och bli b\u00e4ttre. Enklaste s\u00e4ttet att f\u00e5 reda p\u00e5 om dina bilder \u00e4r av r\u00e4tt kvalitet \u00e4r att helt enkelt skicka in n\u00e5gra till en agentur. Om de inte blir godk\u00e4nda s\u00e5 f\u00e5r du reda p\u00e5 varf\u00f6r och kan efter det \u00f6va dig p\u00e5 att f\u00f6rb\u00e4ttra dina bilder.<\/p>\n<p>Kostar det n\u00e5got att s\u00e4lja sina bilder via dessa bildagenturer? Nej, det \u00e4r helt gratis. Det \u00e4r bara att registrera sig f\u00f6r ett konto och sedan logga in och b\u00f6rja ladda upp bilder. Om n\u00e5gon sedan k\u00f6per en av dina bilder kommer pengarna in automatiskt p\u00e5 ditt konto. Du beh\u00f6ver allts\u00e5 inte betala n\u00e5got f\u00f6r att f\u00e5 s\u00e4lja dina bilder.<\/p>\n<p>Vilken typ av bilder kan man s\u00e4lja? Det varierar mellan de olika bildagenturerna men foton och illustrationer (vilket \u00e4ven inkluderar 3d renderingar) g\u00e5r att s\u00e4lja p\u00e5 alla st\u00e4llen. Sedan kan man p\u00e5 vissa av agenturerna \u00e4ven s\u00e4lja videoklipp och flashfilmer.<\/p>\n<p>Vilken typ av motiv kan man s\u00e4lja? Bilder p\u00e5 m\u00e4nniskor \u00e4r alltid popul\u00e4ra. Business, mat, sport, sk\u00f6nhet och h\u00e4lsa \u00e4r andra popul\u00e4ra bildteman. Det som kanske \u00e4r sv\u00e5rast att s\u00e4lja \u00e4r bilder p\u00e5 blommor och natur eftersom det redan finns s\u00e5 m\u00e5nga foton av den sorten p\u00e5 agenturerna.  F\u00f6r att f\u00e5 en uppfattning om vilken typ av bilder som s\u00e4ljer b\u00e4st rekommenderar jag dig att titta p\u00e5 agenturernas sidor d\u00e4r de listar de popul\u00e4raste bilderna just nu. De flesta agenturerna har en s\u00e5dan sida.<\/p>\n<p>Vilket format ska bilderna vara i? Alla foton och illustrationer ska vara sparade i jpg-format. Vissa agenturer accepterar \u00e4ven vektorillustrationer i EPS (Encapsulated Postscript) format. Minimumkravet p\u00e5 hur m\u00e5nga pixlar bilden ska vara varierar mellan agenturerna men 1600 x 1200 pixlar \u00e4r vanligtvis det minsta kravet. Ju st\u00f6rre desto b\u00e4ttre! Kolla p\u00e5 respektive agenturs hemsida f\u00f6r att f\u00e5 reda p\u00e5 kraven.<\/p>\n<p><strong>Vill du ha mer detaljerad information om hur du kommer ig\u00e5ng med att tj\u00e4na pengar p\u00e5 dina bilder f\u00f6resl\u00e5r jag att du laddar hem e-boken &#8221;F\u00e5 betalt f\u00f6r dina bilder&#8221; som du f\u00e5r helt gratis n\u00e4r du registrerar dig f\u00f6r Bildinkomsters nyhetsbrev. \u00c4r du redo att s\u00e4tta ig\u00e5ng och skicka in dina bilder kan du titta p\u00e5 sidan &#8221;<a href=\"http:\/\/bildinkomster.se\/index.php\/bildagenturer\/\">Bildagenturer<\/a>&#8221;. D\u00e4r finns adresser till ett flertal agenturer du kan jobba med. <\/strong><\/p>\n","protected":false},"excerpt":{"rendered":"<p>Det finns m\u00e5nga s\u00e4tt att tj\u00e4na pengar p\u00e5 sina bilder men det som den h\u00e4r sajten handlar om \u00e4r s\u00e5 kallade &#8221;micro stock agencies&#8221;. Det \u00e4r bildagenturer som s\u00e4ljer bilder v\u00e4ldigt billigt, ofta s\u00e5 billigt som en dollar per bild. Det du kan tj\u00e4na pengar p\u00e5 \u00e4r att f\u00f6rse dessa agenturer med foton, illustrationer, video [&hellip;]<\/p>\n","protected":false},"author":1,"featured_media":0,"parent":0,"menu_order":2,"comment_status":"closed","ping_status":"open","template":"","meta":{"footnotes":""},"_links":{"self":[{"href":"https:\/\/bildinkomster.se\/index.php?rest_route=\/wp\/v2\/pages\/17"}],"collection":[{"href":"https:\/\/bildinkomster.se\/index.php?rest_route=\/wp\/v2\/pages"}],"about":[{"href":"https:\/\/bildinkomster.se\/index.php?rest_route=\/wp\/v2\/types\/page"}],"author":[{"embeddable":true,"href":"https:\/\/bildinkomster.se\/index.php?rest_route=\/wp\/v2\/users\/1"}],"replies":[{"embeddable":true,"href":"https:\/\/bildinkomster.se\/index.php?rest_route=%2Fwp%2Fv2%2Fcomments&post=17"}],"version-history":[{"count":1,"href":"https:\/\/bildinkomster.se\/index.php?rest_route=\/wp\/v2\/pages\/17\/revisions"}],"predecessor-version":[{"id":161,"href":"https:\/\/bildinkomster.se\/index.php?rest_route=\/wp\/v2\/pages\/17\/revisions\/161"}],"wp:attachment":[{"href":"https:\/\/bildinkomster.se\/index.php?rest_route=%2Fwp%2Fv2%2Fmedia&parent=17"}],"curies":[{"name":"wp","href":"https:\/\/api.w.org\/{rel}","templated":true}]}}