{"id":20,"date":"2007-10-03T20:20:25","date_gmt":"2007-10-03T18:20:25","guid":{"rendered":"http:\/\/bildinkomster.se\/index.php\/kontakt\/"},"modified":"2024-05-01T12:40:06","modified_gmt":"2024-05-01T11:40:06","slug":"kontakt","status":"publish","type":"page","link":"https:\/\/bildinkomster.se\/?page_id=20","title":{"rendered":"Kontakt"},"content":{"rendered":"<p>Om du vill skicka ett meddelande till mig kan du g\u00f6ra det genom nedanst\u00e5ende kontaktformul\u00e4r.<\/p>\n<form action=\"https:\/\/bildinkomster.se\/?page_id=20\" name=\"wpcf_form\" method=\"post\">\n<table align=\"center\" cellspacing=\"5px\" cellpadding=\"0\">\n<tr>\n<td colspan=\"2\"><small>De rosa f&auml;lten m&aring;ste fyllas i.<\/small><input type=\"hidden\" name=\"wpcf_stage\" value=\"process\" \/><\/td>\n<\/tr>\n<tr>\n<td style=\"text-align:right\">Ditt namn: <\/td>\n<td style=\"text-align:left\"><input type=\"text\" style=\"background-color:#f5cbf8\" name=\"wpcf_your_name\" id=\"wpcf_your_name\" size=\"30\" maxlength=\"50\" tabindex=\"1\" value=\"\" \/><\/td>\n<\/tr>\n<tr>\n<td style=\"text-align:right\">Din e-postadress:<\/td>\n<td style=\"text-align:left\"><input type=\"text\" style=\"background-color:#f5cbf8\" name=\"wpcf_email\" id=\"wpcf_email\" size=\"30\" maxlength=\"50\" tabindex=\"2\" value=\"\" \/><\/td>\n<\/tr>\n<tr>\n<td style=\"text-align:right\">2 + 2 =<\/td>\n<td style=\"text-align:left\"><input type=\"text\" style=\"background-color:#f5cbf8\" name=\"wpcf_response\" id=\"wpcf_response\" size=\"30\" maxlength=\"50\" tabindex=\"3\" value=\"\" \/><\/td>\n<\/tr>\n<tr>\n<td style=\"text-align:right\">Din hemsidesadress:<\/td>\n<td style=\"text-align:left\"><input type=\"text\" name=\"wpcf_website\" id=\"wpcf_website\" size=\"30\" maxlength=\"100\" tabindex=\"4\" value=\"\" \/><\/td>\n<\/tr>\n<tr>\n<td style=\"text-align:right\">&Auml;mne f&ouml;r meddelandet:<\/td>\n<td style=\"text-align:left\"><input type=\"text\" style=\"background-color:#f5cbf8\" name=\"wpcf_usersubject\" id=\"wpcf_usersubject\" size=\"30\" tabindex=\"5\" maxlength=\"50\" value=\"\" \/><\/td>\n<\/tr>\n<tr>\n<td style=\"text-align:right\">Ditt meddelande: <\/td>\n<td style=\"text-align:left\"><textarea name=\"wpcf_msg\" style=\"background-color:#f5cbf8; width:250px;\" id=\"wpcf_msg\" rows=\"8\" cols=\"8\" tabindex=\"6\"><\/textarea><\/td>\n<\/tr>\n<tr>\n<td colspan=\"2\" style=\"text-align:right\"><input type=\"submit\" name=\"Submit\" tabindex=\"8\" value=\"Skicka\" id=\"contactsubmit\" \/><\/td>\n<\/tr>\n<\/table>\n<\/form>\n","protected":false},"excerpt":{"rendered":"<p>Om du vill skicka ett meddelande till mig kan du g\u00f6ra det genom nedanst\u00e5ende kontaktformul\u00e4r. De rosa f&auml;lten m&aring;ste fyllas i. Ditt namn: Din e-postadress: 2 + 2 = Din hemsidesadress: &Auml;mne f&ouml;r meddelandet: Ditt meddelande:<\/p>\n","protected":false},"author":1,"featured_media":0,"parent":0,"menu_order":5,"comment_status":"closed","ping_status":"open","template":"","meta":{"footnotes":""},"_links":{"self":[{"href":"https:\/\/bildinkomster.se\/index.php?rest_route=\/wp\/v2\/pages\/20"}],"collection":[{"href":"https:\/\/bildinkomster.se\/index.php?rest_route=\/wp\/v2\/pages"}],"about":[{"href":"https:\/\/bildinkomster.se\/index.php?rest_route=\/wp\/v2\/types\/page"}],"author":[{"embeddable":true,"href":"https:\/\/bildinkomster.se\/index.php?rest_route=\/wp\/v2\/users\/1"}],"replies":[{"embeddable":true,"href":"https:\/\/bildinkomster.se\/index.php?rest_route=%2Fwp%2Fv2%2Fcomments&post=20"}],"version-history":[{"count":2,"href":"https:\/\/bildinkomster.se\/index.php?rest_route=\/wp\/v2\/pages\/20\/revisions"}],"predecessor-version":[{"id":164,"href":"https:\/\/bildinkomster.se\/index.php?rest_route=\/wp\/v2\/pages\/20\/revisions\/164"}],"wp:attachment":[{"href":"https:\/\/bildinkomster.se\/index.php?rest_route=%2Fwp%2Fv2%2Fmedia&parent=20"}],"curies":[{"name":"wp","href":"https:\/\/api.w.org\/{rel}","templated":true}]}}