{"id":9,"date":"2007-10-02T14:35:23","date_gmt":"2007-10-02T12:35:23","guid":{"rendered":"http:\/\/bildinkomster.se\/index.php\/forsta-sidan\/"},"modified":"2024-05-01T12:38:53","modified_gmt":"2024-05-01T11:38:53","slug":"forsta-sidan","status":"publish","type":"page","link":"https:\/\/bildinkomster.se\/","title":{"rendered":"Hem"},"content":{"rendered":"<p><img loading=\"lazy\" decoding=\"async\" src=\"http:\/\/bildinkomster.se\/Bilder\/Mus_skylt.jpg\" title=\"Tj\u00e4na pengar p\u00e5 dina bilder!\" alt=\"Tj\u00e4na pengar p\u00e5 dina bilder!\" align=\"right\" height=\"323\" width=\"350\" \/><\/p>\n<h1 align=\"center\">V\u00e4lkommen till<br \/>\nBildinkomster.se<\/h1>\n<p><em><strong>Gillar du att fota, teckna, videofilma, skapa 3d renderingar eller flashfilmer? Skulle du vilja f\u00e5 betalt f\u00f6r det du skapar?<\/strong><\/em><\/p>\n<p>Den h\u00e4r sajten \u00e4r till f\u00f6r dig som skulle vilja f\u00e5 betalt f\u00f6r dina alster. Du beh\u00f6ver inte vara n\u00e5got proffs. Det enda som beh\u00f6vs \u00e4r ett intresse och en vilja att l\u00e4ra sig det som kr\u00e4vs f\u00f6r att lyckas.<\/p>\n<p>L\u00e4s igenom sidorna h\u00e4r p\u00e5 Bildinkomster.se f\u00f6r att f\u00e5 reda p\u00e5 hur du kommer ig\u00e5ng. Beh\u00f6ver du mer utf\u00f6rlig hj\u00e4lp rekommenderar jag dig att ladda hem den e-bok som du f\u00e5r helt gratis n\u00e4r du g\u00e5r med i Bildinkomsters nyhetsbrev.<\/p>\n<p>V\u00e4nliga h\u00e4lsningar<br \/>\n<img decoding=\"async\" src=\"http:\/\/bildinkomster.se\/Bilder\/signatur.gif\" \/><\/p>\n<p><a href=\"http:\/\/products5.richphoto.hop.clickbank.net\/?tid=MR\" target=\"_blank\" rel=\"noopener\"><\/p>\n<p style=\"text-align: center\"><img decoding=\"async\" src=\"http:\/\/www.richphotographer.com\/art\/banneraff468_01.gif\" \/><\/p>\n<p><\/a><\/p>\n","protected":false},"excerpt":{"rendered":"<p>V\u00e4lkommen till Bildinkomster.se Gillar du att fota, teckna, videofilma, skapa 3d renderingar eller flashfilmer? Skulle du vilja f\u00e5 betalt f\u00f6r det du skapar? Den h\u00e4r sajten \u00e4r till f\u00f6r dig som skulle vilja f\u00e5 betalt f\u00f6r dina alster. Du beh\u00f6ver inte vara n\u00e5got proffs. Det enda som beh\u00f6vs \u00e4r ett intresse och en vilja att [&hellip;]<\/p>\n","protected":false},"author":1,"featured_media":0,"parent":0,"menu_order":0,"comment_status":"closed","ping_status":"open","template":"","meta":{"footnotes":""},"_links":{"self":[{"href":"https:\/\/bildinkomster.se\/index.php?rest_route=\/wp\/v2\/pages\/9"}],"collection":[{"href":"https:\/\/bildinkomster.se\/index.php?rest_route=\/wp\/v2\/pages"}],"about":[{"href":"https:\/\/bildinkomster.se\/index.php?rest_route=\/wp\/v2\/types\/page"}],"author":[{"embeddable":true,"href":"https:\/\/bildinkomster.se\/index.php?rest_route=\/wp\/v2\/users\/1"}],"replies":[{"embeddable":true,"href":"https:\/\/bildinkomster.se\/index.php?rest_route=%2Fwp%2Fv2%2Fcomments&post=9"}],"version-history":[{"count":1,"href":"https:\/\/bildinkomster.se\/index.php?rest_route=\/wp\/v2\/pages\/9\/revisions"}],"predecessor-version":[{"id":159,"href":"https:\/\/bildinkomster.se\/index.php?rest_route=\/wp\/v2\/pages\/9\/revisions\/159"}],"wp:attachment":[{"href":"https:\/\/bildinkomster.se\/index.php?rest_route=%2Fwp%2Fv2%2Fmedia&parent=9"}],"curies":[{"name":"wp","href":"https:\/\/api.w.org\/{rel}","templated":true}]}}